
{"id":135,"date":"2012-04-10T16:04:00","date_gmt":"2012-04-10T16:04:00","guid":{"rendered":"http:\/\/mirelli.com.br\/costadosolhotel\/?page_id=135"},"modified":"2025-02-27T14:21:37","modified_gmt":"2025-02-27T14:21:37","slug":"tarifario-e-informacoes","status":"publish","type":"page","link":"https:\/\/costadosolhotel.com.br\/index2.php\/tarifario-e-informacoes\/","title":{"rendered":"Tarif\u00e1rio e Informa\u00e7\u00f5es"},"content":{"rendered":"<p><strong>Solicite o tarif\u00e1rio desejado preenchendo as informa\u00e7\u00f5es ou entre em contato pelos telefones abaixo.<\/strong><\/p>\n<div class=\"wpforms-container wpforms-container-full\" id=\"wpforms-779\"><form id=\"wpforms-form-779\" class=\"wpforms-validate wpforms-form\" data-formid=\"779\" method=\"post\" enctype=\"multipart\/form-data\" action=\"\/index2.php\/wp-json\/wp\/v2\/pages\/135\" data-token=\"b5204e8cda325ccd0be1224417fd10ae\" data-token-time=\"1777816915\"><noscript class=\"wpforms-error-noscript\">Ative o JavaScript no seu navegador para preencher este formul\u00e1rio.<\/noscript><div class=\"wpforms-field-container\"><div id=\"wpforms-779-field_1-container\" class=\"wpforms-field wpforms-field-text\" data-field-id=\"1\"><label class=\"wpforms-field-label\" for=\"wpforms-779-field_1\">Nome Completo <span class=\"wpforms-required-label\">*<\/span><\/label><input type=\"text\" id=\"wpforms-779-field_1\" class=\"wpforms-field-medium wpforms-field-required\" name=\"wpforms[fields][1]\" required><\/div><div id=\"wpforms-779-field_2-container\" class=\"wpforms-field wpforms-field-email\" data-field-id=\"2\"><label class=\"wpforms-field-label\" for=\"wpforms-779-field_2\">Email <span class=\"wpforms-required-label\">*<\/span><\/label><input type=\"email\" id=\"wpforms-779-field_2\" class=\"wpforms-field-medium wpforms-field-required\" name=\"wpforms[fields][2]\" spellcheck=\"false\" required><\/div><div id=\"wpforms-779-field_3-container\" class=\"wpforms-field wpforms-field-text\" data-field-id=\"3\"><label class=\"wpforms-field-label\" for=\"wpforms-779-field_3\">Telefone <span class=\"wpforms-required-label\">*<\/span><\/label><input type=\"text\" id=\"wpforms-779-field_3\" class=\"wpforms-field-medium wpforms-field-required\" name=\"wpforms[fields][3]\" placeholder=\"(xx) xxxxx-xxxx\" required><div class=\"wpforms-field-description\">Digite seu melhor telefone com DDD<\/div><\/div><div id=\"wpforms-779-field_4-container\" class=\"wpforms-field wpforms-field-text\" data-field-id=\"4\"><label class=\"wpforms-field-label\" for=\"wpforms-779-field_4\">Telefone adicional<\/label><input type=\"text\" id=\"wpforms-779-field_4\" class=\"wpforms-field-medium\" name=\"wpforms[fields][4]\" placeholder=\"(xx) xxxxx-xxxx\" ><\/div><div id=\"wpforms-779-field_5-container\" class=\"wpforms-field wpforms-field-text\" data-field-id=\"5\"><label class=\"wpforms-field-label\" for=\"wpforms-779-field_5\">Data de entrada <span class=\"wpforms-required-label\">*<\/span><\/label><input type=\"text\" id=\"wpforms-779-field_5\" class=\"wpforms-field-medium wpforms-field-required wpforms-masked-input\" data-rule-inputmask-incomplete=\"1\" data-inputmask-mask=\"99\/99\/9999\" name=\"wpforms[fields][5]\" placeholder=\"dd\/mm\/aaaa\" required><\/div><div id=\"wpforms-779-field_6-container\" class=\"wpforms-field wpforms-field-text\" data-field-id=\"6\"><label class=\"wpforms-field-label\" for=\"wpforms-779-field_6\">Data de sa\u00edda <span class=\"wpforms-required-label\">*<\/span><\/label><input type=\"text\" id=\"wpforms-779-field_6\" class=\"wpforms-field-medium wpforms-field-required wpforms-masked-input\" data-rule-inputmask-incomplete=\"1\" data-inputmask-mask=\"99\/99\/9999\" name=\"wpforms[fields][6]\" placeholder=\"dd\/mm\/aaaa\" required><\/div><div id=\"wpforms-779-field_7-container\" class=\"wpforms-field wpforms-field-number\" data-field-id=\"7\"><label class=\"wpforms-field-label\" for=\"wpforms-779-field_7\">N\u00famero de adultos <span class=\"wpforms-required-label\">*<\/span><\/label><input type=\"number\" id=\"wpforms-779-field_7\" class=\"wpforms-field-small wpforms-field-required\" name=\"wpforms[fields][7]\" step=\"any\" required><\/div><div id=\"wpforms-779-field_8-container\" class=\"wpforms-field wpforms-field-text\" data-field-id=\"8\"><label class=\"wpforms-field-label\" for=\"wpforms-779-field_8\">N\u00famero de crian\u00e7as<\/label><input type=\"text\" id=\"wpforms-779-field_8\" class=\"wpforms-field-small\" name=\"wpforms[fields][8]\" ><\/div><div id=\"wpforms-779-field_9-container\" class=\"wpforms-field wpforms-field-text\" data-field-id=\"9\"><label class=\"wpforms-field-label\" for=\"wpforms-779-field_9\">Idade(s) da(s) crian\u00e7a(s)<\/label><input type=\"text\" id=\"wpforms-779-field_9\" class=\"wpforms-field-medium\" name=\"wpforms[fields][9]\" ><\/div><div id=\"wpforms-779-field_10-container\" class=\"wpforms-field wpforms-field-number\" data-field-id=\"10\"><label class=\"wpforms-field-label\" for=\"wpforms-779-field_10\">N\u00famero de suites<\/label><input type=\"number\" id=\"wpforms-779-field_10\" class=\"wpforms-field-small\" name=\"wpforms[fields][10]\" step=\"any\" ><\/div><div id=\"wpforms-779-field_11-container\" class=\"wpforms-field wpforms-field-text\" data-field-id=\"11\"><label class=\"wpforms-field-label\" for=\"wpforms-779-field_11\">Assunto <span class=\"wpforms-required-label\">*<\/span><\/label><input type=\"text\" id=\"wpforms-779-field_11\" class=\"wpforms-field-medium wpforms-field-required\" name=\"wpforms[fields][11]\" value=\"Or\u00e7amento\" placeholder=\"Or\u00e7amento\" required><div class=\"wpforms-field-description\">Digite o motivo do contato<\/div><\/div><div id=\"wpforms-779-field_12-container\" class=\"wpforms-field wpforms-field-textarea\" data-field-id=\"12\"><label class=\"wpforms-field-label\" for=\"wpforms-779-field_12\">Mensagem<\/label><textarea id=\"wpforms-779-field_12\" class=\"wpforms-field-medium\" name=\"wpforms[fields][12]\" ><\/textarea><\/div><\/div><!-- .wpforms-field-container --><div class=\"wpforms-field wpforms-field-hp\"><label for=\"wpforms-779-field-hp\" class=\"wpforms-field-label\">Website<\/label><input type=\"text\" name=\"wpforms[hp]\" id=\"wpforms-779-field-hp\" class=\"wpforms-field-medium\"><\/div><div class=\"wpforms-submit-container\" ><input type=\"hidden\" name=\"wpforms[id]\" value=\"779\"><input type=\"hidden\" name=\"page_title\" value=\"\"><input type=\"hidden\" name=\"page_url\" value=\"https:\/\/costadosolhotel.com.br\/index2.php\/wp-json\/wp\/v2\/pages\/135\"><input type=\"hidden\" name=\"url_referer\" value=\"\"><button type=\"submit\" name=\"wpforms[submit]\" id=\"wpforms-submit-779\" class=\"wpforms-submit\" data-alt-text=\"Sending...\" data-submit-text=\"Enviar\" aria-live=\"assertive\" value=\"wpforms-submit\">Enviar<\/button><\/div><\/form><\/div>  <!-- .wpforms-container -->\n<p>&nbsp;<\/p>\n<p><strong><span style=\"text-decoration: underline;\">Reservas:<\/span><\/strong><\/p>\n<p><span style=\"text-decoration: underline;\">Bertioga<\/span> &#8211; (13) 3312.6284\u00a0\/ 3312.6181\u00a0\/ 3312.7675<br \/>\n<span style=\"text-decoration: underline;\">S\u00e3o Paulo<\/span>\u00a0&#8211;\u00a0(11) 3542.0541<br \/>\n<a target=\"_blank\" href=\"https:\/\/wa.me\/5513996473514?text=Ol\u00e1,%20eu%20vim%20pelo%20site,%20gostaria%20de%20mais%20informa\u00e7\u00f5es!\" rel=\"noopener\"><span style=\"text-decoration: underline;\">WhatsApp &#8211;<\/span> (13) 99647.3514<br \/>\n<\/a><br \/>\nEmail:\u00a0<a target=\"_blank\" href=\"mailto:reservas@costadosolhotel.com.br\" rel=\"noopener\">reservas@costadosolhotel.com.<wbr \/>br<\/a><\/p>\n<p>&nbsp;<\/p>\n<p><strong>Importante:<\/strong><\/p>\n<p>\u2013 Somente nos responsabilizamos pelas informa\u00e7\u00f5es e tarif\u00e1rios fornecidos via email!<br \/>\n\u2013 Somente ser\u00e3o consideradas \u201cReservas Concretizadas\u201d as feitas por email, com aprova\u00e7\u00e3o da pr\u00e9-reserva, ap\u00f3s efetuado pagamento dentro do prazo proposto e o h\u00f3spede ter recebido o email de confirma\u00e7\u00e3o pela nossa central de reservas!<br \/>\n\u2013 Somente nos responsabilizamos pela disponibilidade para as \u201cReservas Concretizadas\u201d!<\/p>\n","protected":false},"excerpt":{"rendered":"<p>Solicite o tarif\u00e1rio desejado preenchendo as informa\u00e7\u00f5es ou entre em contato pelos telefones abaixo. &nbsp; Reservas: Bertioga &#8211; (13) 3312.6284\u00a0\/ 3312.6181\u00a0\/ 3312.7675 S\u00e3o Paulo\u00a0&#8211;\u00a0(11) 3542.0541 WhatsApp &#8211; (13) 99647.3514 Email:\u00a0reservas@costadosolhotel.com.br &nbsp; Importante: \u2013 Somente nos responsabilizamos pelas informa\u00e7\u00f5es e tarif\u00e1rios fornecidos via email! \u2013 Somente ser\u00e3o consideradas \u201cReservas Concretizadas\u201d as feitas por email, com aprova\u00e7\u00e3o da pr\u00e9-reserva, ap\u00f3s efetuado pagamento dentro do prazo proposto e o h\u00f3spede ter recebido o email de confirma\u00e7\u00e3o pela nossa central de reservas! \u2013 Somente nos responsabilizamos pela disponibilidade para as \u201cReservas Concretizadas\u201d!<\/p>\n","protected":false},"author":1,"featured_media":0,"parent":0,"menu_order":0,"comment_status":"open","ping_status":"open","template":"","meta":{"footnotes":""},"class_list":["post-135","page","type-page","status-publish","hentry"],"_links":{"self":[{"href":"https:\/\/costadosolhotel.com.br\/index2.php\/wp-json\/wp\/v2\/pages\/135","targetHints":{"allow":["GET"]}}],"collection":[{"href":"https:\/\/costadosolhotel.com.br\/index2.php\/wp-json\/wp\/v2\/pages"}],"about":[{"href":"https:\/\/costadosolhotel.com.br\/index2.php\/wp-json\/wp\/v2\/types\/page"}],"author":[{"embeddable":true,"href":"https:\/\/costadosolhotel.com.br\/index2.php\/wp-json\/wp\/v2\/users\/1"}],"replies":[{"embeddable":true,"href":"https:\/\/costadosolhotel.com.br\/index2.php\/wp-json\/wp\/v2\/comments?post=135"}],"version-history":[{"count":50,"href":"https:\/\/costadosolhotel.com.br\/index2.php\/wp-json\/wp\/v2\/pages\/135\/revisions"}],"predecessor-version":[{"id":823,"href":"https:\/\/costadosolhotel.com.br\/index2.php\/wp-json\/wp\/v2\/pages\/135\/revisions\/823"}],"wp:attachment":[{"href":"https:\/\/costadosolhotel.com.br\/index2.php\/wp-json\/wp\/v2\/media?parent=135"}],"curies":[{"name":"wp","href":"https:\/\/api.w.org\/{rel}","templated":true}]}}