
{"id":164,"date":"2012-04-12T16:05:51","date_gmt":"2012-04-12T16:05:51","guid":{"rendered":"http:\/\/mirelli.com.br\/costadosolhotel\/?page_id=164"},"modified":"2025-02-27T14:22:19","modified_gmt":"2025-02-27T14:22:19","slug":"localizacao","status":"publish","type":"page","link":"https:\/\/costadosolhotel.com.br\/index2.php\/localizacao\/","title":{"rendered":"Localiza\u00e7\u00e3o"},"content":{"rendered":"<p><iframe loading=\"lazy\" src=\"https:\/\/maps.google.com.br\/maps?ie=UTF8&amp;hl=pt-BR&amp;view=map&amp;cid=1580519011534537372&amp;q=Hotel+Costa+Sol&amp;t=h&amp;source=embed&amp;ll=-23.764334,-45.904055&amp;spn=0.006873,0.00912&amp;z=16&amp;output=embed\" width=\"425\" height=\"350\" frameborder=\"0\" marginwidth=\"0\" marginheight=\"0\" scrolling=\"no\"><\/iframe><br \/>\n<strong>Latitude:<\/strong>\u00a0-23.764034<br \/>\n<strong>Longitude:<\/strong> -45.903202<\/p>\n<p><strong>Endere\u00e7o:<\/strong><\/p>\n<p>Rodovia Rio \u2013 Santos, Km. 198,5 \u2013 Condom\u00ednio Costa do Sol<\/p>\n<p>Quadra A \u2013 Rua AM, 6 \u2013 Praia de Guaratuba \u2013 Bertioga \u2013 SP<br \/>\nCEP. 11.250-970<\/p>\n<p><strong>Nossos Telefones:<\/strong><\/p>\n<p>Hotel em Bertioga &#8211;\u00a0(13) 3312.6181\u00a0\/\u00a0(13) 3312.6284<\/p>\n<p>Reservas em SP &#8211; \u00a0\u00a0(11) 3542.0541<\/p>\n<p><a target=\"_blank\" href=\"https:\/\/wa.me\/5513996473514?text=Ol\u00e1,%20eu%20vim%20pelo%20site,%20gostaria%20de%20mais%20informa\u00e7\u00f5es!\" rel=\"noopener\"><span style=\"text-decoration: underline;\">WhatsApp &#8211;<\/span> (13) 99647.3514<br \/>\n<\/a><\/p>\n<p>&nbsp;<\/p>\n","protected":false},"excerpt":{"rendered":"<p>Latitude:\u00a0-23.764034 Longitude: -45.903202 Endere\u00e7o: Rodovia Rio \u2013 Santos, Km. 198,5 \u2013 Condom\u00ednio Costa do Sol Quadra A \u2013 Rua AM, 6 \u2013 Praia de Guaratuba \u2013 Bertioga \u2013 SP CEP. 11.250-970 Nossos Telefones: Hotel em Bertioga &#8211;\u00a0(13) 3312.6181\u00a0\/\u00a0(13) 3312.6284 Reservas em SP &#8211; \u00a0\u00a0(11) 3542.0541 WhatsApp &#8211; (13) 99647.3514 &nbsp;<\/p>\n","protected":false},"author":1,"featured_media":0,"parent":0,"menu_order":0,"comment_status":"open","ping_status":"open","template":"","meta":{"footnotes":""},"class_list":["post-164","page","type-page","status-publish","hentry"],"_links":{"self":[{"href":"https:\/\/costadosolhotel.com.br\/index2.php\/wp-json\/wp\/v2\/pages\/164","targetHints":{"allow":["GET"]}}],"collection":[{"href":"https:\/\/costadosolhotel.com.br\/index2.php\/wp-json\/wp\/v2\/pages"}],"about":[{"href":"https:\/\/costadosolhotel.com.br\/index2.php\/wp-json\/wp\/v2\/types\/page"}],"author":[{"embeddable":true,"href":"https:\/\/costadosolhotel.com.br\/index2.php\/wp-json\/wp\/v2\/users\/1"}],"replies":[{"embeddable":true,"href":"https:\/\/costadosolhotel.com.br\/index2.php\/wp-json\/wp\/v2\/comments?post=164"}],"version-history":[{"count":51,"href":"https:\/\/costadosolhotel.com.br\/index2.php\/wp-json\/wp\/v2\/pages\/164\/revisions"}],"predecessor-version":[{"id":811,"href":"https:\/\/costadosolhotel.com.br\/index2.php\/wp-json\/wp\/v2\/pages\/164\/revisions\/811"}],"wp:attachment":[{"href":"https:\/\/costadosolhotel.com.br\/index2.php\/wp-json\/wp\/v2\/media?parent=164"}],"curies":[{"name":"wp","href":"https:\/\/api.w.org\/{rel}","templated":true}]}}