
{"id":327,"date":"2012-04-28T00:15:26","date_gmt":"2012-04-28T00:15:26","guid":{"rendered":"http:\/\/costadosolhotel.com.br\/?page_id=327"},"modified":"2016-05-25T16:51:48","modified_gmt":"2016-05-25T16:51:48","slug":"o-hotel","status":"publish","type":"page","link":"https:\/\/costadosolhotel.com.br\/index2.php\/o-hotel\/","title":{"rendered":"O Hotel"},"content":{"rendered":"<p>&nbsp;<\/p>\n<p><a href=\"http:\/\/costadosolhotel.com.br\/wp-content\/uploads\/placa_areas_costadosol_1.png\"><img loading=\"lazy\" decoding=\"async\" class=\"size-full wp-image-669 alignright\" title=\"placa_areas_costadosol_1\" src=\"http:\/\/costadosolhotel.com.br\/wp-content\/uploads\/placa_areas_costadosol_1.png\" alt=\"\" width=\"250\" height=\"302\" srcset=\"https:\/\/costadosolhotel.com.br\/wp-content\/uploads\/placa_areas_costadosol_1.png 250w, https:\/\/costadosolhotel.com.br\/wp-content\/uploads\/placa_areas_costadosol_1-248x300.png 248w\" sizes=\"auto, (max-width: 250px) 100vw, 250px\" \/><\/a>O Costa do Sol Hotel, inaugurado em 1994, tornou-se refer\u00eancia em Bertioga at\u00e9 2005, quando era por muitos considerado o &#8220;Point&#8221;, e a partir de Janeiro de 2012 volta \u00e0 sua antiga administra\u00e7\u00e3o que tanto o consagrou, que trabalha para lhe devolver o seu t\u00edtulo.O Hotel oferece 28 apartamentos avarandados, estrategicamente projetados com vista para o mar, equipados com ar condicionado, ventilador de teto, frigobar, televis\u00e3o e telefone.<\/p>\n<p>Conta com piscinas aquecidas, servi\u00e7o de praia, cadeiras, guarda-s\u00f3is, mesinhas, toalhas de praia, gar\u00e7ons que atendem \u00e0 praia e piscinas, bar, lanchonete e restaurante das 8 \u00e0s 22 horas, recep\u00e7\u00e3o 24 horas, monitoramento 24 horas, lojinha, wi-fi, servi\u00e7o de camareira e arruma\u00e7\u00e3o diariamente, al\u00e9m de atividades esportivas como v\u00f4lei, t\u00eanis de praia, croquet, bilhar, ping pong, pebolim, caminhadas e playground.<\/p>\n<p>Por estar localizado direto na praia (p\u00e9 na areia), oferece uma comodidade inigual\u00e1vel, associada \u00e0 simplicidade e hospitalidade em clima familiar.<\/p>\n<p style=\"text-align: center;\"><strong>Realizamos Casamentos e Eventos! Consulte-nos!<\/strong><\/p>\n<p style=\"text-align: center;\"><a href=\"http:\/\/costadosolhotel.com.br\/wp-content\/uploads\/caozinho.jpg\"><img loading=\"lazy\" decoding=\"async\" class=\"size-full wp-image-663 alignleft\" title=\"caozinho\" src=\"http:\/\/costadosolhotel.com.br\/wp-content\/uploads\/caozinho.jpg\" alt=\"\" width=\"228\" height=\"141\" \/><\/a><\/p>\n<p>O seu amigo peludo (c\u00e3ozinho de pequeno porte (at\u00e9 8 kilos) voltou a ser bem vindo.<\/p>\n<p>Pedimos que consulte a Central de Reservas quanto a disponibilidade e normas, pois o descumprimento\u00a0destas levou recentemente o Hotel \u00a0a proibir a hospedagem com os amiguinhos peludos!<\/p>\n<p>Esperamos a compreens\u00e3o dos donos dos c\u00e3ezinhos para que isso n\u00e3o ocorra novamente!<\/p>\n<p align=\"center\"><strong><span style=\"text-decoration: underline;\">Nunca deixe de trazer a carteirinha de vacina\u00e7\u00e3o do peludo com as vacinas em dia! Esse \u00e9 o passaporte dele no Costa do Sol!!!<\/span><\/strong><\/p>\n<p>&nbsp;<\/p>\n<p>&nbsp;<\/p>\n<p>&nbsp;<\/p>\n<p>&nbsp;<\/p>\n<p>&nbsp;<\/p>\n<p>&nbsp;<\/p>\n<p>&nbsp;<\/p>\n<p>&nbsp;<\/p>\n<p>&nbsp;<\/p>\n<p>&nbsp;<\/p>\n<p>&nbsp;<\/p>\n","protected":false},"excerpt":{"rendered":"<p>&nbsp; O Costa do Sol Hotel, inaugurado em 1994, tornou-se refer\u00eancia em Bertioga at\u00e9 2005, quando era por muitos considerado o &#8220;Point&#8221;, e a partir de Janeiro de 2012 volta \u00e0 sua antiga administra\u00e7\u00e3o que tanto o consagrou, que trabalha para lhe devolver o seu t\u00edtulo.O Hotel oferece 28 apartamentos avarandados, estrategicamente projetados com vista para o mar, equipados com ar condicionado, ventilador de teto, frigobar, televis\u00e3o e telefone. Conta com piscinas aquecidas, servi\u00e7o de praia, cadeiras, guarda-s\u00f3is, mesinhas, toalhas de praia, gar\u00e7ons que atendem \u00e0 praia e piscinas, bar, lanchonete e restaurante das 8 \u00e0s 22 horas, recep\u00e7\u00e3o 24 horas, monitoramento 24 horas, lojinha, wi-fi, servi\u00e7o de camareira e arruma\u00e7\u00e3o diariamente, al\u00e9m de atividades esportivas como v\u00f4lei, t\u00eanis de praia, croquet, bilhar, ping pong, pebolim, caminhadas e playground. Por estar localizado direto na praia (p\u00e9 na areia), oferece uma comodidade inigual\u00e1vel, associada \u00e0 simplicidade e hospitalidade em clima familiar. Realizamos Casamentos e Eventos! Consulte-nos! O seu amigo peludo (c\u00e3ozinho de pequeno porte (at\u00e9 8 kilos) voltou a ser bem vindo. Pedimos que consulte a Central de Reservas quanto a disponibilidade e normas, pois o descumprimento\u00a0destas levou recentemente o Hotel \u00a0a proibir a hospedagem com os amiguinhos peludos! Esperamos a [&hellip;]<\/p>\n","protected":false},"author":1,"featured_media":0,"parent":0,"menu_order":0,"comment_status":"open","ping_status":"open","template":"","meta":{"footnotes":""},"class_list":["post-327","page","type-page","status-publish","hentry"],"_links":{"self":[{"href":"https:\/\/costadosolhotel.com.br\/index2.php\/wp-json\/wp\/v2\/pages\/327","targetHints":{"allow":["GET"]}}],"collection":[{"href":"https:\/\/costadosolhotel.com.br\/index2.php\/wp-json\/wp\/v2\/pages"}],"about":[{"href":"https:\/\/costadosolhotel.com.br\/index2.php\/wp-json\/wp\/v2\/types\/page"}],"author":[{"embeddable":true,"href":"https:\/\/costadosolhotel.com.br\/index2.php\/wp-json\/wp\/v2\/users\/1"}],"replies":[{"embeddable":true,"href":"https:\/\/costadosolhotel.com.br\/index2.php\/wp-json\/wp\/v2\/comments?post=327"}],"version-history":[{"count":65,"href":"https:\/\/costadosolhotel.com.br\/index2.php\/wp-json\/wp\/v2\/pages\/327\/revisions"}],"predecessor-version":[{"id":329,"href":"https:\/\/costadosolhotel.com.br\/index2.php\/wp-json\/wp\/v2\/pages\/327\/revisions\/329"}],"wp:attachment":[{"href":"https:\/\/costadosolhotel.com.br\/index2.php\/wp-json\/wp\/v2\/media?parent=327"}],"curies":[{"name":"wp","href":"https:\/\/api.w.org\/{rel}","templated":true}]}}